{"id":54,"date":"2023-01-24T08:09:26","date_gmt":"2023-01-24T08:09:26","guid":{"rendered":"https:\/\/demo.steait.net\/?page_id=54"},"modified":"2023-01-24T08:23:43","modified_gmt":"2023-01-24T08:23:43","slug":"fastnet-telefoni","status":"publish","type":"page","link":"https:\/\/demo.steait.net\/index.php\/fastnet-telefoni\/","title":{"rendered":"VipTel Fastnet Telefoni"},"content":{"rendered":"\n<p><strong>24-7 Net tilbyder i samarbejde med Viptel ApS<\/strong><br>Fastnettelefoni(IP-telefoni) til attraktive priser.<br>24-7 Net IP-fastnettelefoni bliver leveret direkte via din Internet forbindelse. For at kunne genbruge eksisterende almindelige og tr\u00e5dl\u00f8se telefoner skal der benyttes en ATA-adapter &#8211; evt. eksisterende.<br>Udover billig og stabil telefoni f\u00e5r du inkluderet i prisen bl.a. ogs\u00e5: viderstilling, telefonsvarer og vis-nummer<\/p>\n\n\n\n<figure class=\"wp-block-image size-full\"><img loading=\"lazy\" decoding=\"async\" width=\"724\" height=\"350\" src=\"https:\/\/demo.steait.net\/wp-content\/uploads\/2023\/01\/Viptel-IP-telefoni-til-attraktive-priser.jpg\" alt=\"\" class=\"wp-image-55\" srcset=\"https:\/\/demo.steait.net\/wp-content\/uploads\/2023\/01\/Viptel-IP-telefoni-til-attraktive-priser.jpg 724w, https:\/\/demo.steait.net\/wp-content\/uploads\/2023\/01\/Viptel-IP-telefoni-til-attraktive-priser-300x145.jpg 300w\" sizes=\"auto, (max-width: 724px) 100vw, 724px\" \/><\/figure>\n\n\n\n<p>Oprettelse incl. flytning af eksisternde nummer fra f.eks. TDC eller oprettelse af nyt nummer kr. 99,00 (opkr\u00e6ves af 24-7 Net).<\/p>\n\n\n\n<p>\u00d8vrige telefoniomkostninger afregnes direkte med Viptel ApS, med hvem aftalen ogs\u00e5 indg\u00e5es.<\/p>\n\n\n\n<p>Der tages h\u00f8jde for trykfejl og prisjusteringer.<\/p>\n\n\n\n<p><strong><a href=\"http:\/\/viptel.dk\/bestil?reseller=247net\" data-type=\"URL\" data-id=\"http:\/\/viptel.dk\/bestil?reseller=247net\" target=\"_blank\" rel=\"noreferrer noopener\">Bestilling af telefoni skal ske direkte p\u00e5 Viptel&#8217;s hjemmeside, som du finder her<\/a><\/strong><\/p>\n","protected":false},"excerpt":{"rendered":"<p>24-7 Net tilbyder i samarbejde med Viptel ApSFastnettelefoni(IP-telefoni) til attraktive priser.24-7 Net IP-fastnettelefoni bliver leveret direkte via din Internet forbindelse. For at kunne genbruge eksisterende almindelige og tr\u00e5dl\u00f8se telefoner skal der benyttes en ATA-adapter &#8211; evt. eksisterende.Udover billig og stabil telefoni f\u00e5r du inkluderet i prisen bl.a. ogs\u00e5: viderstilling, telefonsvarer og vis-nummer Oprettelse incl. flytning [&hellip;]<\/p>\n","protected":false},"author":1,"featured_media":0,"parent":0,"menu_order":0,"comment_status":"closed","ping_status":"closed","template":"","meta":{"footnotes":""},"class_list":["post-54","page","type-page","status-publish","hentry"],"_links":{"self":[{"href":"https:\/\/demo.steait.net\/index.php\/wp-json\/wp\/v2\/pages\/54","targetHints":{"allow":["GET"]}}],"collection":[{"href":"https:\/\/demo.steait.net\/index.php\/wp-json\/wp\/v2\/pages"}],"about":[{"href":"https:\/\/demo.steait.net\/index.php\/wp-json\/wp\/v2\/types\/page"}],"author":[{"embeddable":true,"href":"https:\/\/demo.steait.net\/index.php\/wp-json\/wp\/v2\/users\/1"}],"replies":[{"embeddable":true,"href":"https:\/\/demo.steait.net\/index.php\/wp-json\/wp\/v2\/comments?post=54"}],"version-history":[{"count":2,"href":"https:\/\/demo.steait.net\/index.php\/wp-json\/wp\/v2\/pages\/54\/revisions"}],"predecessor-version":[{"id":62,"href":"https:\/\/demo.steait.net\/index.php\/wp-json\/wp\/v2\/pages\/54\/revisions\/62"}],"wp:attachment":[{"href":"https:\/\/demo.steait.net\/index.php\/wp-json\/wp\/v2\/media?parent=54"}],"curies":[{"name":"wp","href":"https:\/\/api.w.org\/{rel}","templated":true}]}}