{"id":12,"date":"2023-01-23T09:05:26","date_gmt":"2023-01-23T09:05:26","guid":{"rendered":"https:\/\/demo.steait.net\/?page_id=12"},"modified":"2023-01-24T07:32:59","modified_gmt":"2023-01-24T07:32:59","slug":"kontekt","status":"publish","type":"page","link":"https:\/\/demo.steait.net\/index.php\/kontekt\/","title":{"rendered":"Kontakt"},"content":{"rendered":"\n<p><strong>24-7 Net ApS<\/strong><br>Danmarksgade 19<br>6900 Skjern<br>Telefon: +45 4422 0247<br>E-mail: <a href=\"mailto:info@24-7net.dk\">info@24-7net.dk<\/a> <\/p>\n\n\n\n<p>Cvr. 35384774<\/p>\n\n\n\n<p>\u00c5bningstider (telefon)<br>Mandag &#8211; Torsdag 10:00 til 16:00<br>Fredag &#8211; 10:00 til 13:00<br>L\u00f8rdag &#8211; Lukket<br>S\u00f8ndag (helligdage) &#8211; Lukket<\/p>\n","protected":false},"excerpt":{"rendered":"<p>24-7 Net ApSDanmarksgade 196900 SkjernTelefon: +45 4422 0247E-mail: info@24-7net.dk Cvr. 35384774 \u00c5bningstider (telefon)Mandag &#8211; Torsdag 10:00 til 16:00Fredag &#8211; 10:00 til 13:00L\u00f8rdag &#8211; LukketS\u00f8ndag (helligdage) &#8211; Lukket<\/p>\n","protected":false},"author":1,"featured_media":0,"parent":0,"menu_order":0,"comment_status":"closed","ping_status":"closed","template":"","meta":{"footnotes":""},"class_list":["post-12","page","type-page","status-publish","hentry"],"_links":{"self":[{"href":"https:\/\/demo.steait.net\/index.php\/wp-json\/wp\/v2\/pages\/12","targetHints":{"allow":["GET"]}}],"collection":[{"href":"https:\/\/demo.steait.net\/index.php\/wp-json\/wp\/v2\/pages"}],"about":[{"href":"https:\/\/demo.steait.net\/index.php\/wp-json\/wp\/v2\/types\/page"}],"author":[{"embeddable":true,"href":"https:\/\/demo.steait.net\/index.php\/wp-json\/wp\/v2\/users\/1"}],"replies":[{"embeddable":true,"href":"https:\/\/demo.steait.net\/index.php\/wp-json\/wp\/v2\/comments?post=12"}],"version-history":[{"count":5,"href":"https:\/\/demo.steait.net\/index.php\/wp-json\/wp\/v2\/pages\/12\/revisions"}],"predecessor-version":[{"id":50,"href":"https:\/\/demo.steait.net\/index.php\/wp-json\/wp\/v2\/pages\/12\/revisions\/50"}],"wp:attachment":[{"href":"https:\/\/demo.steait.net\/index.php\/wp-json\/wp\/v2\/media?parent=12"}],"curies":[{"name":"wp","href":"https:\/\/api.w.org\/{rel}","templated":true}]}}